{"id":46,"date":"2020-12-08T22:20:06","date_gmt":"2020-12-08T22:20:06","guid":{"rendered":"https:\/\/hoggar.org\/books\/?post_type=product&#038;p=46"},"modified":"2020-12-26T21:15:23","modified_gmt":"2020-12-26T21:15:23","slug":"quelle-reconciliation-pour-lalgerie","status":"publish","type":"product","link":"https:\/\/hoggar.org\/books\/product\/quelle-reconciliation-pour-lalgerie\/","title":{"rendered":"Quelle R\u00e9conciliation pour l\u2019Alg\u00e9rie ?"},"content":{"rendered":"<p>R\u00e9conciliation nationale et amnistie g\u00e9n\u00e9rale, un double th\u00e8me r\u00e9current des lendemains de guerre, lorsque la soci\u00e9t\u00e9 \u00e9puis\u00e9e est partag\u00e9e entre les besoins contradictoires de savoir et d&#8217;oublier, de punir et de pardonner, pour pouvoir s&#8217;en aller, enfin apais\u00e9e, \u00e0 la rencontre d&#8217;un nouveau destin.<\/p>\n<p>Mais si, \u00e0 l&#8217;heure des bilans, le prix de la guerre est connu parce que vers\u00e9, celui de la paix reste encore \u00e0 payer.<\/p>\n<p>Au nom du besoin de savoir et de comprendre, peut-on faire l&#8217;\u00e9conomie d&#8217;un d\u00e9bat n\u00e9cessairement contradictoire qui doit impliquer d&#8217;abord et de toute \u00e9vidence les principaux protagonistes, les parties au conflit ?<\/p>\n<p>Et lorsque la v\u00e9rit\u00e9 aura \u00e9t\u00e9 dite pourra-t-on, alors, faire l&#8217;impasse sur le besoin de justice exprim\u00e9 par les victimes, toutes les victimes ?<\/p>\n<p>Le discours du pouvoir ou de ses porte-voix sur la r\u00e9conciliation nationale pr\u00e9sage-t-il d&#8217;une solution r\u00e9elle \u00e0 la crise alg\u00e9rienne, ou s&#8217;agit-il d&#8217;une nouvelle manoeuvre qui s&#8217;inscrit dans la lign\u00e9e de celles, d\u00e9pouill\u00e9es de toute dimension politique, qui l&#8217;ont pr\u00e9c\u00e9d\u00e9e ?<\/p>\n<p>C\u2019est \u00e0 ces questions que cet ouvrage collectif tente d\u2019apporter des \u00e9l\u00e9ments de r\u00e9ponse, en \u00e9clairant la probl\u00e9matique selon diverses perspectives.<\/p>\n<p>\u00ab L\u2019amnistie est qualifi\u00e9e d\u2019amn\u00e9sie. La proximit\u00e9 plus que phon\u00e9tique, voire s\u00e9mantique entre amnistie et amn\u00e9sie signale l\u2019existence d\u2019un pacte secret avec le d\u00e9ni de m\u00e9moire. Le processus d\u2019amnistie est critiqu\u00e9 partout dans le monde comme un d\u00e9ni de justice envers les victimes, dont il faut restaurer la dignit\u00e9 humaine et politique. Elles sont non seulement renvoy\u00e9es \u00e0 leurs souffrances, mais encore \u00e0 leur solitude morale. [&#8230;] L\u2019amnistie ne peut \u00eatre que la suite logique de la paix. Elle n\u00e9cessite des convictions longuement \u00e9labor\u00e9es, approfondies, m\u00fbries, pour r\u00e9sister aux nombreux \u00e9cueils qui viennent de partout. Elle n\u00e9cessite une ambition collective et non une ambition individuelle. L\u2019amnistie, qui ne sera pas pr\u00e9c\u00e9d\u00e9e par une recherche de la v\u00e9rit\u00e9 sur les crimes commis, ne sera qu\u2019un \u00e9chec pour la r\u00e9conciliation nationale. \u00bbAbdennour Ali-Yahia<\/p>\n<p>\u00ab La crise politique alg\u00e9rienne doit \u00eatre r\u00e9solue de fa\u00e7on juste et globale, notamment par l\u2019organisation d\u2019une conf\u00e9rence nationale en vue d\u2019une moussaraha (\u00e9change franc), d\u2019une moutaraha (d\u00e9bat contradictoire) et d\u2019une moukachafa (\u00e9tablissement des faits) aptes \u00e0 conduire \u00e0 une v\u00e9ritable moussalaha (r\u00e9conciliation) nationale. \u00bb Ali Benhadj<\/p>\n<p>\u00ab Le peuple alg\u00e9rien, apr\u00e8s avoir subi les foudres d\u2019une sale guerre, est somm\u00e9 d\u2019absoudre ses bourreaux, de les mettre \u00e0 l\u2019abri de toute poursuite future. La m\u00e9thode m\u00eame est \u00e9vocatrice des m\u0153urs du r\u00e9gime, celle du tortionnaire qui, ayant d\u00e9moli sa victime par plusieurs s\u00e9ances de torture, est persuad\u00e9 qu\u2019elle admettra et avouera tout ce qu\u2019il exigera d\u2019elle, pourvu que cessent momentan\u00e9ment les coups qu\u2019il lui ass\u00e8ne. \u00bb Lounis Aggoun<\/p>\n<p>\u00ab De fa\u00e7on universelle, les hommes reconnaissent que la victime d\u2019une injustice \u00e0 le droit de parler, que les faits dont elle a p\u00e2ti doivent \u00eatre \u00e9tablis chaque fois que faire se peut, que la v\u00e9rit\u00e9 a le droit d\u2019insister pour se faire jour. \u00bb Pierre Guillard<\/p>\n","protected":false},"excerpt":{"rendered":"<p>R\u00e9conciliation nationale et amnistie g\u00e9n\u00e9rale, un double th\u00e8me r\u00e9current des lendemains de guerre, lorsque la soci\u00e9t\u00e9 \u00e9puis\u00e9e est partag\u00e9e entre les besoins contradictoires de savoir et d&#8217;oublier, de punir et de pardonner, pour pouvoir s&#8217;en aller, enfin apais\u00e9e, \u00e0 la rencontre d&#8217;un nouveau destin. Mais si, \u00e0 l&#8217;heure des bilans, le prix de la guerre est connu parce que vers\u00e9, celui de la paix reste encore \u00e0 payer. Au nom du besoin de savoir et&hellip;<\/p>\n","protected":false},"featured_media":91,"comment_status":"open","ping_status":"closed","template":"","meta":{"_acf_changed":false},"product_brand":[],"product_cat":[37],"product_tag":[],"class_list":{"0":"post-46","1":"product","2":"type-product","3":"status-publish","4":"has-post-thumbnail","6":"product_cat-politics","8":"first","9":"instock","10":"shipping-taxable","11":"purchasable","12":"product-type-variable","13":"has-default-attributes","14":"nyp-product"},"acf":[],"_links":{"self":[{"href":"https:\/\/hoggar.org\/books\/wp-json\/wp\/v2\/product\/46","targetHints":{"allow":["GET"]}}],"collection":[{"href":"https:\/\/hoggar.org\/books\/wp-json\/wp\/v2\/product"}],"about":[{"href":"https:\/\/hoggar.org\/books\/wp-json\/wp\/v2\/types\/product"}],"replies":[{"embeddable":true,"href":"https:\/\/hoggar.org\/books\/wp-json\/wp\/v2\/comments?post=46"}],"wp:featuredmedia":[{"embeddable":true,"href":"https:\/\/hoggar.org\/books\/wp-json\/wp\/v2\/media\/91"}],"wp:attachment":[{"href":"https:\/\/hoggar.org\/books\/wp-json\/wp\/v2\/media?parent=46"}],"wp:term":[{"taxonomy":"product_brand","embeddable":true,"href":"https:\/\/hoggar.org\/books\/wp-json\/wp\/v2\/product_brand?post=46"},{"taxonomy":"product_cat","embeddable":true,"href":"https:\/\/hoggar.org\/books\/wp-json\/wp\/v2\/product_cat?post=46"},{"taxonomy":"product_tag","embeddable":true,"href":"https:\/\/hoggar.org\/books\/wp-json\/wp\/v2\/product_tag?post=46"}],"curies":[{"name":"wp","href":"https:\/\/api.w.org\/{rel}","templated":true}]}}