{"id":34,"date":"2020-12-03T22:06:17","date_gmt":"2020-12-03T22:06:17","guid":{"rendered":"https:\/\/hoggar.org\/books\/?post_type=product&#038;p=34"},"modified":"2020-12-25T22:52:03","modified_gmt":"2020-12-25T22:52:03","slug":"horroris-causa","status":"publish","type":"product","link":"https:\/\/hoggar.org\/books\/product\/horroris-causa\/","title":{"rendered":"Horroris Causa"},"content":{"rendered":"<p class=\"synopsis-item\">Khalida Messaoudi, la f\u00e9ministe alg\u00e9rienne la plus m\u00e9diatis\u00e9e en Occident, n&#8217;a jamais cach\u00e9 son option \u00e9radicatrice, Ambassadrice du r\u00e9gime alg\u00e9rien, elle nous a dit que les militaires sont les meilleurs d\u00e9fenseurs des femmes . Une universit\u00e9 europ\u00e9enne lui a accord\u00e9 un doctorat honoris causa. A chacune et chacun son choix politique. Dans un contexte caract\u00e9ris\u00e9 par la manipulation et la d\u00e9sinformation, ce livre remet sur pied quelques faits de la guerre en cours en Alg\u00e9rie. Annegret Mathari, historienne. Vue de France, la guerre civile alg\u00e9rienne des ann\u00e9es 90 appara\u00eetra un jour surtout comme une terrible imposture humaine : celle du hold up des valeurs perp\u00e9tr\u00e9s par les communicateurs du r\u00e9gime alg\u00e9rien d\u00e9fenseurs de l&#8217;option \u00e9radicatrice. Ce livre essentiel r\u00e9tablit quelques v\u00e9rit\u00e9s de base. Fran\u00e7ois Burgat, Chercheur au CNRS (Sanaa). Auteur de L&#8217;Islamisme en face, La D\u00e9couverte 1995.<\/p>\n","protected":false},"excerpt":{"rendered":"<p>Khalida Messaoudi, la f\u00e9ministe alg\u00e9rienne la plus m\u00e9diatis\u00e9e en Occident, n&#8217;a jamais cach\u00e9 son option \u00e9radicatrice, Ambassadrice du r\u00e9gime alg\u00e9rien, elle nous a dit que les militaires sont les meilleurs d\u00e9fenseurs des femmes . Une universit\u00e9 europ\u00e9enne lui a accord\u00e9 un doctorat honoris causa. A chacune et chacun son choix politique. Dans un contexte caract\u00e9ris\u00e9 par la manipulation et la d\u00e9sinformation, ce livre remet sur pied quelques faits de la guerre en cours en Alg\u00e9rie.&hellip;<\/p>\n","protected":false},"featured_media":79,"comment_status":"open","ping_status":"closed","template":"","meta":{"_acf_changed":false},"product_brand":[],"product_cat":[38,37],"product_tag":[],"class_list":{"0":"post-34","1":"product","2":"type-product","3":"status-publish","4":"has-post-thumbnail","6":"product_cat-biographies","7":"product_cat-politics","9":"first","10":"instock","11":"shipping-taxable","12":"purchasable","13":"product-type-variable","14":"nyp-product"},"acf":[],"_links":{"self":[{"href":"https:\/\/hoggar.org\/books\/wp-json\/wp\/v2\/product\/34","targetHints":{"allow":["GET"]}}],"collection":[{"href":"https:\/\/hoggar.org\/books\/wp-json\/wp\/v2\/product"}],"about":[{"href":"https:\/\/hoggar.org\/books\/wp-json\/wp\/v2\/types\/product"}],"replies":[{"embeddable":true,"href":"https:\/\/hoggar.org\/books\/wp-json\/wp\/v2\/comments?post=34"}],"wp:featuredmedia":[{"embeddable":true,"href":"https:\/\/hoggar.org\/books\/wp-json\/wp\/v2\/media\/79"}],"wp:attachment":[{"href":"https:\/\/hoggar.org\/books\/wp-json\/wp\/v2\/media?parent=34"}],"wp:term":[{"taxonomy":"product_brand","embeddable":true,"href":"https:\/\/hoggar.org\/books\/wp-json\/wp\/v2\/product_brand?post=34"},{"taxonomy":"product_cat","embeddable":true,"href":"https:\/\/hoggar.org\/books\/wp-json\/wp\/v2\/product_cat?post=34"},{"taxonomy":"product_tag","embeddable":true,"href":"https:\/\/hoggar.org\/books\/wp-json\/wp\/v2\/product_tag?post=34"}],"curies":[{"name":"wp","href":"https:\/\/api.w.org\/{rel}","templated":true}]}}