{"id":33,"date":"2020-11-28T22:06:00","date_gmt":"2020-11-28T22:06:00","guid":{"rendered":"https:\/\/hoggar.org\/books\/?post_type=product&#038;p=33"},"modified":"2020-12-25T11:11:38","modified_gmt":"2020-12-25T11:11:38","slug":"livre-blanc-sur-la-repression-en-algerie-supplement","status":"publish","type":"product","link":"https:\/\/hoggar.org\/books\/product\/livre-blanc-sur-la-repression-en-algerie-supplement\/","title":{"rendered":"Livre Blanc sur la R\u00e9pression en Alg\u00e9rie (Tome III) (Suppl\u00e9ment)"},"content":{"rendered":"<p>Ce suppl\u00e9ment du livre blanc sur la r\u00e9pression en Alg\u00e9rie, \u00e0 travers les documents qu\u2019il pr\u00e9sente au lecteur, \u00e9claire une autre facette de la guerre cach\u00e9e qui a lieu en Alg\u00e9rie, celle des complicit\u00e9s.<\/p>\n<p>La guerre d\u00e9clar\u00e9e au peuple alg\u00e9rien est men\u00e9e par trois corps qui d\u00e9tiennent des moyens de violence impressionnants : la police, la gendarmerie et l\u2019arm\u00e9e. Cependant la r\u00e9pression n\u2019aurait eu ni l\u2019ampleur, ni les dimensions, ni la dur\u00e9e qu\u2019elle a prise en Alg\u00e9rie, si ces services n\u2019\u00e9taient appuy\u00e9es et relay\u00e9 dans leur entreprise par nombre d\u2019individus et d\u2019institutions\u2026<\/p>\n","protected":false},"excerpt":{"rendered":"<p>Ce suppl\u00e9ment du livre blanc sur la r\u00e9pression en Alg\u00e9rie, \u00e0 travers les documents qu\u2019il pr\u00e9sente au lecteur, \u00e9claire une autre facette de la guerre cach\u00e9e qui a lieu en Alg\u00e9rie, celle des complicit\u00e9s. La guerre d\u00e9clar\u00e9e au peuple alg\u00e9rien est men\u00e9e par trois corps qui d\u00e9tiennent des moyens de violence impressionnants : la police, la gendarmerie et l\u2019arm\u00e9e. Cependant la r\u00e9pression n\u2019aurait eu ni l\u2019ampleur, ni les dimensions, ni la dur\u00e9e qu\u2019elle a prise&hellip;<\/p>\n","protected":false},"featured_media":86,"comment_status":"open","ping_status":"closed","template":"","meta":{"_acf_changed":false},"product_brand":[],"product_cat":[40,41],"product_tag":[],"class_list":{"0":"post-33","1":"product","2":"type-product","3":"status-publish","4":"has-post-thumbnail","6":"product_cat-algeria","7":"product_cat-reference","9":"first","10":"instock","11":"shipping-taxable","12":"purchasable","13":"product-type-variable","14":"nyp-product"},"acf":[],"_links":{"self":[{"href":"https:\/\/hoggar.org\/books\/wp-json\/wp\/v2\/product\/33","targetHints":{"allow":["GET"]}}],"collection":[{"href":"https:\/\/hoggar.org\/books\/wp-json\/wp\/v2\/product"}],"about":[{"href":"https:\/\/hoggar.org\/books\/wp-json\/wp\/v2\/types\/product"}],"replies":[{"embeddable":true,"href":"https:\/\/hoggar.org\/books\/wp-json\/wp\/v2\/comments?post=33"}],"wp:featuredmedia":[{"embeddable":true,"href":"https:\/\/hoggar.org\/books\/wp-json\/wp\/v2\/media\/86"}],"wp:attachment":[{"href":"https:\/\/hoggar.org\/books\/wp-json\/wp\/v2\/media?parent=33"}],"wp:term":[{"taxonomy":"product_brand","embeddable":true,"href":"https:\/\/hoggar.org\/books\/wp-json\/wp\/v2\/product_brand?post=33"},{"taxonomy":"product_cat","embeddable":true,"href":"https:\/\/hoggar.org\/books\/wp-json\/wp\/v2\/product_cat?post=33"},{"taxonomy":"product_tag","embeddable":true,"href":"https:\/\/hoggar.org\/books\/wp-json\/wp\/v2\/product_tag?post=33"}],"curies":[{"name":"wp","href":"https:\/\/api.w.org\/{rel}","templated":true}]}}