{"id":32,"date":"2020-11-27T22:05:39","date_gmt":"2020-11-27T22:05:39","guid":{"rendered":"https:\/\/hoggar.org\/books\/?post_type=product&#038;p=32"},"modified":"2020-12-25T21:37:54","modified_gmt":"2020-12-25T21:37:54","slug":"livre-blanc-sur-la-repression-en-algerie-tome-ii","status":"publish","type":"product","link":"https:\/\/hoggar.org\/books\/product\/livre-blanc-sur-la-repression-en-algerie-tome-ii\/","title":{"rendered":"Livre Blanc sur la R\u00e9pression en Alg\u00e9rie (Tome II)"},"content":{"rendered":"<p>&#8220;J&#8217;ai u le cheikh Cherrati r\u00e9guler dans la cour le flux des d\u00e9tenus. Il portait le Coran dans la main droite, bras lev\u00e9 vers le ciel. Il appelait ses fr\u00e8res &#8220;\u00e0 ne pas r\u00e9pondre aux provocations&#8221;. &#8220;C&#8217;est un complot pour nous d\u00e9cimer, rejoignez vos cellules, que Dieu vous prot\u00e8ge !&#8221; a-t-il lanc\u00e9 avant de reprendre la r\u00e9citation de versets du Coran. On \u00e9tait en fin d&#8217;apr\u00e8s-midi, entre 17 et 18 heures. Soudain, un coup de feu a ralenti. Nous avons vu Cherrati vaciller et l\u00e2cher le Livre. Du sang giclait de sa t\u00eate. Il a continu\u00e9 \u00e0 r\u00e9citer le Coran de mani\u00e8re saccad\u00e9e, en s&#8217;effondrant&#8230;&#8221; (t\u00e9moignage d&#8217;un rescap\u00e9 du carnage de Serkadji). Serkadji, l&#8217;ancienne Barberousse de la nuit coloniale, a \u00e9t\u00e9 transform\u00e9e en un v\u00e9ritable bagne r\u00e9gi par les seules lois de la terreur et l&#8217;arbitraire. Cette prison s&#8217;illustrera par une trag\u00e9die et un carnage qui resteront \u00e0 jamais grav\u00e9s dans les m\u00e9moires de tous les Alg\u00e9riens. En effet, une machination des &#8220;services&#8221; s&#8217;est termin\u00e9e les 21 et 22 f\u00e9vrier 19952 par l&#8217;assassinat de 105 d\u00e9tenus et de quatre gardiens dans des conditions horribles. Ce second tome du Livre blanc illustre le bilan dramatique de la guerre qui s\u00e9vit en Alg\u00e9rie. La premi\u00e8re partie d\u00e9voile les diverses facettes de la terreur et de la r\u00e9pression \u00e0 l&#8217;aide de t\u00e9moignage et de listes, n\u00e9cessairement non exhaustives, de victimes. La seconde est consacr\u00e9e exclusivement au carnage de la prison de Serkadji. Des preuves irr\u00e9futables de crimes contre l&#8217;humanit\u00e9 sont livr\u00e9es pour l&#8217;histoire. Et seule, demain, l&#8217;histoire jugera.<\/p>\n","protected":false},"excerpt":{"rendered":"<p>&#8220;J&#8217;ai u le cheikh Cherrati r\u00e9guler dans la cour le flux des d\u00e9tenus. Il portait le Coran dans la main droite, bras lev\u00e9 vers le ciel. Il appelait ses fr\u00e8res &#8220;\u00e0 ne pas r\u00e9pondre aux provocations&#8221;. &#8220;C&#8217;est un complot pour nous d\u00e9cimer, rejoignez vos cellules, que Dieu vous prot\u00e8ge !&#8221; a-t-il lanc\u00e9 avant de reprendre la r\u00e9citation de versets du Coran. On \u00e9tait en fin d&#8217;apr\u00e8s-midi, entre 17 et 18 heures. Soudain, un coup de&hellip;<\/p>\n","protected":false},"featured_media":85,"comment_status":"open","ping_status":"closed","template":"","meta":{"_acf_changed":false},"product_brand":[],"product_cat":[40,41],"product_tag":[],"class_list":{"0":"post-32","1":"product","2":"type-product","3":"status-publish","4":"has-post-thumbnail","6":"product_cat-algeria","7":"product_cat-reference","9":"first","10":"instock","11":"shipping-taxable","12":"purchasable","13":"product-type-variable","14":"nyp-product"},"acf":[],"_links":{"self":[{"href":"https:\/\/hoggar.org\/books\/wp-json\/wp\/v2\/product\/32","targetHints":{"allow":["GET"]}}],"collection":[{"href":"https:\/\/hoggar.org\/books\/wp-json\/wp\/v2\/product"}],"about":[{"href":"https:\/\/hoggar.org\/books\/wp-json\/wp\/v2\/types\/product"}],"replies":[{"embeddable":true,"href":"https:\/\/hoggar.org\/books\/wp-json\/wp\/v2\/comments?post=32"}],"wp:featuredmedia":[{"embeddable":true,"href":"https:\/\/hoggar.org\/books\/wp-json\/wp\/v2\/media\/85"}],"wp:attachment":[{"href":"https:\/\/hoggar.org\/books\/wp-json\/wp\/v2\/media?parent=32"}],"wp:term":[{"taxonomy":"product_brand","embeddable":true,"href":"https:\/\/hoggar.org\/books\/wp-json\/wp\/v2\/product_brand?post=32"},{"taxonomy":"product_cat","embeddable":true,"href":"https:\/\/hoggar.org\/books\/wp-json\/wp\/v2\/product_cat?post=32"},{"taxonomy":"product_tag","embeddable":true,"href":"https:\/\/hoggar.org\/books\/wp-json\/wp\/v2\/product_tag?post=32"}],"curies":[{"name":"wp","href":"https:\/\/api.w.org\/{rel}","templated":true}]}}