{"id":28,"date":"2020-12-05T22:03:46","date_gmt":"2020-12-05T22:03:46","guid":{"rendered":"https:\/\/hoggar.org\/books\/?post_type=product&#038;p=28"},"modified":"2023-06-17T05:00:37","modified_gmt":"2023-06-17T05:00:37","slug":"entre-le-noir-et-le-rouge-poemes","status":"publish","type":"product","link":"https:\/\/hoggar.org\/books\/product\/entre-le-noir-et-le-rouge-poemes\/","title":{"rendered":"Entre le Noir et le Rouge, po\u00e8mes"},"content":{"rendered":"<div class=\"page\" data-page-number=\"7\" data-loaded=\"true\">\n<div class=\"textLayer\">\u00abOn entre donc plus profond\u00e9ment encore dans l\u2019\u00e2me des peuples et dans l\u2019histoire int\u00e9rieure des soci\u00e9t\u00e9s par la vie litt\u00e9raire que par la vie politique.\u00bb Victor HugoLes textes, violents ou l\u00e9gers \u00e0 l\u2019image d\u2019un quotidien, expriment bien des \u00e9tats d\u2019\u00e2me.Les sentiments bougent et boulversent l\u2019\u00e9cume de la terre bless\u00e9e et versent par la plume ce que dicte le c\u0153ur.L\u2019exil, la peur, la r\u00e9volte, l\u2019espoir, la haine et l\u2019amour sont \u00e0 l\u2019origine des textes po\u00e9tiques.<\/div>\n<div class=\"textLayer\">\n<p>Dr. Mohamed-Tahar Djafri<\/p>\n<div class=\"endOfContent\"><\/div>\n<\/div>\n<\/div>\n<div class=\"page\" data-page-number=\"8\" data-loaded=\"true\">\n<div class=\"canvasWrapper\"><\/div>\n<div class=\"textLayer\"><\/div>\n<\/div>\n","protected":false},"excerpt":{"rendered":"<p>\u00abOn entre donc plus profond\u00e9ment encore dans l\u2019\u00e2me des peuples et dans l\u2019histoire int\u00e9rieure des soci\u00e9t\u00e9s par la vie litt\u00e9raire que par la vie politique.\u00bb Victor HugoLes textes, violents ou l\u00e9gers \u00e0 l\u2019image d\u2019un quotidien, expriment bien des \u00e9tats d\u2019\u00e2me.Les sentiments bougent et boulversent l\u2019\u00e9cume de la terre bless\u00e9e et versent par la plume ce que dicte le c\u0153ur.L\u2019exil, la peur, la r\u00e9volte, l\u2019espoir, la haine et l\u2019amour sont \u00e0 l\u2019origine des textes po\u00e9tiques. Dr.&hellip;<\/p>\n","protected":false},"featured_media":76,"comment_status":"open","ping_status":"closed","template":"","meta":{"_acf_changed":false},"product_brand":[],"product_cat":[39],"product_tag":[],"class_list":{"0":"post-28","1":"product","2":"type-product","3":"status-publish","4":"has-post-thumbnail","6":"product_cat-poetry","8":"first","9":"instock","10":"shipping-taxable","11":"purchasable","12":"product-type-variable","13":"has-default-attributes","14":"nyp-product"},"acf":[],"_links":{"self":[{"href":"https:\/\/hoggar.org\/books\/wp-json\/wp\/v2\/product\/28","targetHints":{"allow":["GET"]}}],"collection":[{"href":"https:\/\/hoggar.org\/books\/wp-json\/wp\/v2\/product"}],"about":[{"href":"https:\/\/hoggar.org\/books\/wp-json\/wp\/v2\/types\/product"}],"replies":[{"embeddable":true,"href":"https:\/\/hoggar.org\/books\/wp-json\/wp\/v2\/comments?post=28"}],"wp:featuredmedia":[{"embeddable":true,"href":"https:\/\/hoggar.org\/books\/wp-json\/wp\/v2\/media\/76"}],"wp:attachment":[{"href":"https:\/\/hoggar.org\/books\/wp-json\/wp\/v2\/media?parent=28"}],"wp:term":[{"taxonomy":"product_brand","embeddable":true,"href":"https:\/\/hoggar.org\/books\/wp-json\/wp\/v2\/product_brand?post=28"},{"taxonomy":"product_cat","embeddable":true,"href":"https:\/\/hoggar.org\/books\/wp-json\/wp\/v2\/product_cat?post=28"},{"taxonomy":"product_tag","embeddable":true,"href":"https:\/\/hoggar.org\/books\/wp-json\/wp\/v2\/product_tag?post=28"}],"curies":[{"name":"wp","href":"https:\/\/api.w.org\/{rel}","templated":true}]}}