{"id":26,"date":"2020-11-26T22:02:58","date_gmt":"2020-11-26T22:02:58","guid":{"rendered":"https:\/\/hoggar.org\/books\/?post_type=product&#038;p=26"},"modified":"2021-03-19T15:09:30","modified_gmt":"2021-03-19T15:09:30","slug":"livre-blanc-sur-la-repression-en-algerie-1991-1994","status":"publish","type":"product","link":"https:\/\/hoggar.org\/books\/product\/livre-blanc-sur-la-repression-en-algerie-1991-1994\/","title":{"rendered":"Livre Blanc sur la R\u00e9pression en Alg\u00e9rie (Tom I) (1991-1994)"},"content":{"rendered":"<p>L&#8217;ouvrage :<\/p>\n<p>Le tome 1 du livre blanc sur la r\u00e9pression en Alg\u00e9rie, ou l&#8217;histoire de la trag\u00e9die d&#8217;un peuple, para\u00eet \u00e0 un moment difficile que traverse l&#8217;Alg\u00e9rie, meurtrie par une r\u00e9pression sanglante et sauvage. Il comporte plus de mille cas de torture, s\u00e9vices, ex\u00e9cutions sommaires et t\u00e9moignages de d\u00e9portation dans les camps de concentration et ce, depuis le coup d&#8217;\u00e9tat militaire du 1 1 janvier 1992 qui a frustr\u00e9 le peuple alg\u00e9rien de son choix libre et d\u00e9mocratique.<\/p>\n<p>L&#8217;auteur :<\/p>\n<p>Le comit\u00e9 alg\u00e9rien des militants libres de la dignit\u00e9 humaine et des droits de l&#8217;homme regroupe des hommes et des femmes en Alg\u00e9rie, de divers horizons, qui ont en commun de ne pas accepter la fatalit\u00e9 de la tyrannie. Ils se battent et risquent leurs vies \u00e0 tout moment afin d&#8217;emp\u00eacher l&#8217;extermination d&#8217;un peuple &#8221; \u00e0 petit feu&#8221;, en silence.<\/p>\n<p>Le lecteur :<\/p>\n<p>Les hommes et les femmes qui croient \u00e0 la dignit\u00e9 humaine et qui veulent et \u0153uvrent pour qu&#8217;elle soit pr\u00e9serv\u00e9e partout dans le monde. Les individus et les organisations qui d\u00e9noncent et qui se battent contre toute atteinte aux droits sacr\u00e9s de l&#8217;\u00eatre humain. Enfin, la conscience humaine pour qu&#8217;elle soit t\u00e9moin.<\/p>\n","protected":false},"excerpt":{"rendered":"<p>L&#8217;ouvrage : Le tome 1 du livre blanc sur la r\u00e9pression en Alg\u00e9rie, ou l&#8217;histoire de la trag\u00e9die d&#8217;un peuple, para\u00eet \u00e0 un moment difficile que traverse l&#8217;Alg\u00e9rie, meurtrie par une r\u00e9pression sanglante et sauvage. Il comporte plus de mille cas de torture, s\u00e9vices, ex\u00e9cutions sommaires et t\u00e9moignages de d\u00e9portation dans les camps de concentration et ce, depuis le coup d&#8217;\u00e9tat militaire du 1 1 janvier 1992 qui a frustr\u00e9 le peuple alg\u00e9rien de son&hellip;<\/p>\n","protected":false},"featured_media":89,"comment_status":"open","ping_status":"closed","template":"","meta":{"_acf_changed":false},"product_brand":[],"product_cat":[40,41],"product_tag":[],"class_list":{"0":"post-26","1":"product","2":"type-product","3":"status-publish","4":"has-post-thumbnail","6":"product_cat-algeria","7":"product_cat-reference","9":"first","10":"instock","11":"shipping-taxable","12":"purchasable","13":"product-type-variable","14":"nyp-product"},"acf":[],"_links":{"self":[{"href":"https:\/\/hoggar.org\/books\/wp-json\/wp\/v2\/product\/26","targetHints":{"allow":["GET"]}}],"collection":[{"href":"https:\/\/hoggar.org\/books\/wp-json\/wp\/v2\/product"}],"about":[{"href":"https:\/\/hoggar.org\/books\/wp-json\/wp\/v2\/types\/product"}],"replies":[{"embeddable":true,"href":"https:\/\/hoggar.org\/books\/wp-json\/wp\/v2\/comments?post=26"}],"wp:featuredmedia":[{"embeddable":true,"href":"https:\/\/hoggar.org\/books\/wp-json\/wp\/v2\/media\/89"}],"wp:attachment":[{"href":"https:\/\/hoggar.org\/books\/wp-json\/wp\/v2\/media?parent=26"}],"wp:term":[{"taxonomy":"product_brand","embeddable":true,"href":"https:\/\/hoggar.org\/books\/wp-json\/wp\/v2\/product_brand?post=26"},{"taxonomy":"product_cat","embeddable":true,"href":"https:\/\/hoggar.org\/books\/wp-json\/wp\/v2\/product_cat?post=26"},{"taxonomy":"product_tag","embeddable":true,"href":"https:\/\/hoggar.org\/books\/wp-json\/wp\/v2\/product_tag?post=26"}],"curies":[{"name":"wp","href":"https:\/\/api.w.org\/{rel}","templated":true}]}}