{"id":25,"date":"2020-12-02T22:02:06","date_gmt":"2020-12-02T22:02:06","guid":{"rendered":"https:\/\/hoggar.org\/books\/?post_type=product&#038;p=25"},"modified":"2024-10-22T07:02:40","modified_gmt":"2024-10-22T07:02:40","slug":"aux-origines-de-la-tragedie-algerienne-1958-2000","status":"publish","type":"product","link":"https:\/\/hoggar.org\/books\/product\/aux-origines-de-la-tragedie-algerienne-1958-2000\/","title":{"rendered":"Aux origines de la trag\u00e9die alg\u00e9rienne (1958-2000)"},"content":{"rendered":"<p>Ce livre se veut un t\u00e9moignage sur les phases charni\u00e8res qui ont marqu\u00e9 l&#8217;Alg\u00e9rie entre 1958 et 2000. L&#8217;enchev\u00eatrement complexe des causes internes et externes, anciennes et r\u00e9centes constitue la toile de fond de la crise multiforme qui a plong\u00e9 l&#8217;Alg\u00e9rie dans une situation tragique \u00e0 la fin du XX si\u00e8cle. Les faits relat\u00e9s dans ce livre ont \u00e9t\u00e9 v\u00e9cus par l&#8217;acteur, le t\u00e9m\u00e9oin et l&#8217;observateur que l&#8217;auteur a \u00e9t\u00e9 au cours de cette longue p\u00e9riode. L&#8217;auteur r\u00e9v\u00e8le comment, dans un cadre n\u00e9ocolonial, certains &#8220;d\u00e9serteurs&#8221; alg\u00e9riens de l&#8217;arm\u00e9e fran\u00e7aise, mentalement colonis\u00e9s, forment un clan solidaire de type mafieux et constitue le noyau dur de hizb Fran\u00e7a. D\u00e8s 1962, hizb Fran\u00e7a s&#8217;implante fortement au minist\u00e8re de la D\u00e9fense, dans les services de s\u00e9curit\u00e9 ainsi que dans les rouage de l&#8217;administration et de l&#8217;\u00e9conomie, pour \u00e9tendre progressivement son influence et sa pr\u00e9sence dans les postes strat\u00e9gies de l&#8217;ensemble des secteurs d&#8217;activit\u00e9 du pays. il a fallu \u00e0 ce groupe de &#8220;d\u00e9serteurs&#8221; attendre janvier 1992 pour confisquer le pouvoir par un coup d&#8217;Etat. Cette confiscation de l&#8217;Etat et de ses institutions par un groupe minoritaire, a eu des cons\u00e9quences d\u00e9sastreuses sur tout les plans. L&#8217;auteur insiste sur la n\u00e9cessit\u00e9 de mettre un terme \u00e0 cette longue p\u00e9riode de violence, de m\u00e9diocrit\u00e9 et de corruption qui a ramen\u00e9 l&#8217;Alg\u00e9rie 40 ans en arri\u00e8re. Seul le retour au processus d\u00e9moctratique et \u00e0 la souverainet\u00e9 populaire permettra \u00e0 l&#8217;Alg\u00e9rie de sortir de cette trag\u00e9die et d&#8217;ouvrir une \u00e8re nouvelle de paix, de justice sociale, de progr\u00e8s et de stabilit\u00e9.<\/p>\n","protected":false},"excerpt":{"rendered":"<p>Ce livre se veut un t\u00e9moignage sur les phases charni\u00e8res qui ont marqu\u00e9 l&#8217;Alg\u00e9rie entre 1958 et 2000. L&#8217;enchev\u00eatrement complexe des causes internes et externes, anciennes et r\u00e9centes constitue la toile de fond de la crise multiforme qui a plong\u00e9 l&#8217;Alg\u00e9rie dans une situation tragique \u00e0 la fin du XX si\u00e8cle. Les faits relat\u00e9s dans ce livre ont \u00e9t\u00e9 v\u00e9cus par l&#8217;acteur, le t\u00e9m\u00e9oin et l&#8217;observateur que l&#8217;auteur a \u00e9t\u00e9 au cours de cette longue&hellip;<\/p>\n","protected":false},"featured_media":118,"comment_status":"open","ping_status":"closed","template":"","meta":{"_acf_changed":false},"product_brand":[],"product_cat":[44],"product_tag":[],"class_list":{"0":"post-25","1":"product","2":"type-product","3":"status-publish","4":"has-post-thumbnail","6":"product_cat-memoirs","8":"first","9":"instock","10":"shipping-taxable","11":"purchasable","12":"product-type-variable","13":"nyp-product"},"acf":[],"_links":{"self":[{"href":"https:\/\/hoggar.org\/books\/wp-json\/wp\/v2\/product\/25","targetHints":{"allow":["GET"]}}],"collection":[{"href":"https:\/\/hoggar.org\/books\/wp-json\/wp\/v2\/product"}],"about":[{"href":"https:\/\/hoggar.org\/books\/wp-json\/wp\/v2\/types\/product"}],"replies":[{"embeddable":true,"href":"https:\/\/hoggar.org\/books\/wp-json\/wp\/v2\/comments?post=25"}],"wp:featuredmedia":[{"embeddable":true,"href":"https:\/\/hoggar.org\/books\/wp-json\/wp\/v2\/media\/118"}],"wp:attachment":[{"href":"https:\/\/hoggar.org\/books\/wp-json\/wp\/v2\/media?parent=25"}],"wp:term":[{"taxonomy":"product_brand","embeddable":true,"href":"https:\/\/hoggar.org\/books\/wp-json\/wp\/v2\/product_brand?post=25"},{"taxonomy":"product_cat","embeddable":true,"href":"https:\/\/hoggar.org\/books\/wp-json\/wp\/v2\/product_cat?post=25"},{"taxonomy":"product_tag","embeddable":true,"href":"https:\/\/hoggar.org\/books\/wp-json\/wp\/v2\/product_tag?post=25"}],"curies":[{"name":"wp","href":"https:\/\/api.w.org\/{rel}","templated":true}]}}