{"id":231,"date":"2020-11-29T10:39:10","date_gmt":"2020-11-29T10:39:10","guid":{"rendered":"https:\/\/hoggar.org\/books\/?post_type=product&#038;p=231"},"modified":"2020-12-25T11:11:42","modified_gmt":"2020-12-25T11:11:42","slug":"le-maghreb-a-la-croisee-des-chemins-a-lombre-des-transformations-mondiales","status":"publish","type":"product","link":"https:\/\/hoggar.org\/books\/product\/le-maghreb-a-la-croisee-des-chemins-a-lombre-des-transformations-mondiales\/","title":{"rendered":"Le Maghreb \u00e0 la crois\u00e9e des chemins: \u00e0 l&#8217;ombre des transformations mondiales"},"content":{"rendered":"","protected":false},"excerpt":{"rendered":"","protected":false},"featured_media":235,"comment_status":"open","ping_status":"closed","template":"","meta":{"_acf_changed":false},"product_brand":[],"product_cat":[41],"product_tag":[],"class_list":{"0":"post-231","1":"product","2":"type-product","3":"status-publish","4":"has-post-thumbnail","6":"product_cat-reference","8":"first","9":"instock","10":"shipping-taxable","11":"purchasable","12":"product-type-variable","13":"has-default-attributes","14":"nyp-product"},"acf":[],"_links":{"self":[{"href":"https:\/\/hoggar.org\/books\/wp-json\/wp\/v2\/product\/231","targetHints":{"allow":["GET"]}}],"collection":[{"href":"https:\/\/hoggar.org\/books\/wp-json\/wp\/v2\/product"}],"about":[{"href":"https:\/\/hoggar.org\/books\/wp-json\/wp\/v2\/types\/product"}],"replies":[{"embeddable":true,"href":"https:\/\/hoggar.org\/books\/wp-json\/wp\/v2\/comments?post=231"}],"wp:featuredmedia":[{"embeddable":true,"href":"https:\/\/hoggar.org\/books\/wp-json\/wp\/v2\/media\/235"}],"wp:attachment":[{"href":"https:\/\/hoggar.org\/books\/wp-json\/wp\/v2\/media?parent=231"}],"wp:term":[{"taxonomy":"product_brand","embeddable":true,"href":"https:\/\/hoggar.org\/books\/wp-json\/wp\/v2\/product_brand?post=231"},{"taxonomy":"product_cat","embeddable":true,"href":"https:\/\/hoggar.org\/books\/wp-json\/wp\/v2\/product_cat?post=231"},{"taxonomy":"product_tag","embeddable":true,"href":"https:\/\/hoggar.org\/books\/wp-json\/wp\/v2\/product_tag?post=231"}],"curies":[{"name":"wp","href":"https:\/\/api.w.org\/{rel}","templated":true}]}}