{"id":10,"date":"2020-12-21T00:00:13","date_gmt":"2020-12-21T00:00:13","guid":{"rendered":"https:\/\/hoggar.org\/books\/?post_type=product&#038;p=10"},"modified":"2021-10-04T09:03:45","modified_gmt":"2021-10-04T09:03:45","slug":"en-defense-du-hirak","status":"publish","type":"product","link":"https:\/\/hoggar.org\/books\/product\/en-defense-du-hirak\/","title":{"rendered":"En d\u00e9fense du Hirak"},"content":{"rendered":"<p>Le hirak alg\u00e9rien subit depuis le d\u00e9but du printemps dernier une campagne de propagande particuli\u00e8rement agressive et sournoise, entretenue par un large spectre d\u2019organes m\u00e9diatiques et anim\u00e9e par divers acteurs politiques et acad\u00e9miques. Un groupe d\u2019universitaires alg\u00e9riens a pris l\u2019initiative de pr\u00e9parer ensemble un travail acad\u00e9mique pour faire face \u00e0 un \u00e9chantillon de ces attaques. Ces diff\u00e9rentes contributions sont rassembl\u00e9es dans ce livre.<\/p>\n<p>\u00ab\u00a0<em>En d\u00e9fense du Hirak: D\u00e9construction du complotisme contre-r\u00e9volutionnaire<\/em>\u00a0\u00bb examine l\u2019opuscule de Bens\u00e2ada \u00ab\u00a0<em>Qui sont ces t\u00e9nors autoproclam\u00e9s du Hirak alg\u00e9rien\u00a0?<\/em>\u00a0\u00bb sous diff\u00e9rentes perspectives. L\u2019ouvrage se divise en quatre parties. La premi\u00e8re comprend trois articles d\u00e9di\u00e9s \u00e0 la critique substantielle du contenu de cette publication. La seconde partie est consacr\u00e9e \u00e0 jeter la lumi\u00e8re sur Bens\u00e2ada ainsi que Majed Nehm\u00e9 et Richard Lab\u00e9vi\u00e8re qui ont pr\u00e9- et postfac\u00e9 son opuscule, respectivement. La troisi\u00e8me partie de cet ouvrage approche l\u2019opuscule de Bens\u00e2ada sous une perspective m\u00e9diatique. La quatri\u00e8me et derni\u00e8re partie de ce livre rend compte de quelques r\u00e9actions provoqu\u00e9es par les all\u00e9gations pr\u00e9cises avanc\u00e9es par Bens\u00e2ada pour \u00e9tayer sa th\u00e8se complotiste.<\/p>\n","protected":false},"excerpt":{"rendered":"<p>Le hirak alg\u00e9rien subit depuis le d\u00e9but du printemps dernier une campagne de propagande particuli\u00e8rement agressive et sournoise, entretenue par un large spectre d\u2019organes m\u00e9diatiques et anim\u00e9e par divers acteurs politiques et acad\u00e9miques. Un groupe d\u2019universitaires alg\u00e9riens a pris l\u2019initiative de pr\u00e9parer ensemble un travail acad\u00e9mique pour faire face \u00e0 un \u00e9chantillon de ces attaques. Ces diff\u00e9rentes contributions sont rassembl\u00e9es dans ce livre. \u00ab\u00a0En d\u00e9fense du Hirak: D\u00e9construction du complotisme contre-r\u00e9volutionnaire\u00a0\u00bb examine l\u2019opuscule de Bens\u00e2ada&hellip;<\/p>\n","protected":false},"featured_media":47,"comment_status":"open","ping_status":"closed","template":"","meta":{"_acf_changed":false},"product_brand":[],"product_cat":[40,37],"product_tag":[],"class_list":{"0":"post-10","1":"product","2":"type-product","3":"status-publish","4":"has-post-thumbnail","6":"product_cat-algeria","7":"product_cat-politics","9":"first","10":"instock","11":"featured","12":"shipping-taxable","13":"purchasable","14":"product-type-variable","15":"has-default-attributes","16":"nyp-product"},"acf":[],"_links":{"self":[{"href":"https:\/\/hoggar.org\/books\/wp-json\/wp\/v2\/product\/10","targetHints":{"allow":["GET"]}}],"collection":[{"href":"https:\/\/hoggar.org\/books\/wp-json\/wp\/v2\/product"}],"about":[{"href":"https:\/\/hoggar.org\/books\/wp-json\/wp\/v2\/types\/product"}],"replies":[{"embeddable":true,"href":"https:\/\/hoggar.org\/books\/wp-json\/wp\/v2\/comments?post=10"}],"wp:featuredmedia":[{"embeddable":true,"href":"https:\/\/hoggar.org\/books\/wp-json\/wp\/v2\/media\/47"}],"wp:attachment":[{"href":"https:\/\/hoggar.org\/books\/wp-json\/wp\/v2\/media?parent=10"}],"wp:term":[{"taxonomy":"product_brand","embeddable":true,"href":"https:\/\/hoggar.org\/books\/wp-json\/wp\/v2\/product_brand?post=10"},{"taxonomy":"product_cat","embeddable":true,"href":"https:\/\/hoggar.org\/books\/wp-json\/wp\/v2\/product_cat?post=10"},{"taxonomy":"product_tag","embeddable":true,"href":"https:\/\/hoggar.org\/books\/wp-json\/wp\/v2\/product_tag?post=10"}],"curies":[{"name":"wp","href":"https:\/\/api.w.org\/{rel}","templated":true}]}}